{"id":14,"date":"2015-10-06T05:31:14","date_gmt":"2015-10-06T05:31:14","guid":{"rendered":"http:\/\/verkehrsgarten-voelpke.de\/?page_id=14"},"modified":"2026-04-02T06:49:49","modified_gmt":"2026-04-02T06:49:49","slug":"aktuelles","status":"publish","type":"page","link":"https:\/\/verkehrsgarten-voelpke.de\/?page_id=14","title":{"rendered":"Aktuelles"},"content":{"rendered":"\n<p class=\"has-text-align-center\"><strong><em>Unsere aktuellen Termine \/ Veranstaltungen finden Sie unter Termine<\/em><\/strong><br>.<\/p>\n\n\n\n<figure class=\"wp-block-image size-full\"><img loading=\"lazy\" decoding=\"async\" width=\"1190\" height=\"1644\" src=\"https:\/\/verkehrsgarten-voelpke.de\/wp-content\/uploads\/2026\/03\/4.jpg\" alt=\"\" class=\"wp-image-2486\" srcset=\"https:\/\/verkehrsgarten-voelpke.de\/wp-content\/uploads\/2026\/03\/4.jpg 1190w, https:\/\/verkehrsgarten-voelpke.de\/wp-content\/uploads\/2026\/03\/4-217x300.jpg 217w, https:\/\/verkehrsgarten-voelpke.de\/wp-content\/uploads\/2026\/03\/4-741x1024.jpg 741w, https:\/\/verkehrsgarten-voelpke.de\/wp-content\/uploads\/2026\/03\/4-768x1061.jpg 768w, https:\/\/verkehrsgarten-voelpke.de\/wp-content\/uploads\/2026\/03\/4-1112x1536.jpg 1112w\" sizes=\"auto, (max-width: 599px) calc(100vw - 50px), (max-width: 767px) calc(100vw - 70px), (max-width: 991px) 429px, (max-width: 1199px) 637px, 354px\" \/><\/figure>\n\n\n<div class=\"wp-block-image\">\n<figure class=\"aligncenter size-large\"><img decoding=\"async\" src=\"https:\/\/verkehrsgarten-voelpke.de\/wp-content\/uploads\/2024\/07\/Dez.-2024-724x1024.jpg\" alt=\"\" class=\"wp-image-2388\"\/><\/figure>\n<\/div>\n\n\n<p class=\"has-text-align-center\"><br> * * *<\/p>\n\n\n\n<p class=\"has-text-align-center\"><strong>Ferienzeit ist auch Lernzeit<\/strong><\/p>\n\n\n\n<p class=\"has-text-align-center\"><strong>Vorbereitung f\u00fcr einen sicheren Schulweg<\/strong><br><br>Wie in jedem Jahr wurden von der Kreisverkehrswacht Oschersleben <br>im LK B\u00f6rde e.V. ein umfangreiches Freizeit- und Ferienangebot <br>zur Verbesserung der Sicherheit auf unseren Stra\u00dfen <br>f\u00fcr unsere j\u00fcngsten Verkehrsteilnehmer organisiert und gut besucht.<br>Ziel war und ist es, einen unfallfreien Schulanfang vorzubereiten.<br>So wurden zum Beispiel in Kinderg\u00e4rten, Jugend- und Freizeiteinrichtungen<br>des Landkreises die Ferien dazu genutzt, <br>die bevorstehenden neuen Bedingungen unsere Schulanf\u00e4nger <br>mit Spiel und Spa\u00df sicher vor zu bereiten.<br>Bevor die Ferienzeit zu Ende geht, besteht eine weitere M\u00f6glichkeit am<br>Mittwoch dem 24. Juli von 10 bis 17 Uhr im Verkehrsgarten V\u00f6lpke ein<br>Verkehrssicherheitstag f\u00fcr interessierte Schulanf\u00e4nger <br>mit ihren Eltern oder Gro\u00dfeltern zu besuchen. <br>Ziel ist es, unsere j\u00fcngsten Verkehrsteilnehmer Fit f\u00fcr den Schulweg zu machen.<\/p>\n\n\n\n<p class=\"has-text-align-center\">&nbsp;&nbsp;&nbsp;&nbsp;&nbsp;&nbsp;&nbsp;&nbsp;&nbsp;&nbsp;&nbsp;&nbsp;&nbsp;&nbsp;&nbsp;&nbsp;&nbsp;&nbsp;&nbsp;&nbsp;&nbsp;&nbsp;&nbsp;&nbsp;&nbsp;&nbsp;&nbsp;&nbsp;<\/p>\n\n\n\n<figure class=\"wp-block-gallery has-nested-images columns-default is-cropped wp-block-gallery-1 is-layout-flex wp-block-gallery-is-layout-flex\">\n<figure class=\"wp-block-image size-large\"><img loading=\"lazy\" decoding=\"async\" width=\"1024\" height=\"768\" data-id=\"2320\" src=\"https:\/\/verkehrsgarten-voelpke.de\/wp-content\/uploads\/2023\/10\/02.10-1-1024x768.jpg\" alt=\"\" class=\"wp-image-2320\" srcset=\"https:\/\/verkehrsgarten-voelpke.de\/wp-content\/uploads\/2023\/10\/02.10-1-1024x768.jpg 1024w, https:\/\/verkehrsgarten-voelpke.de\/wp-content\/uploads\/2023\/10\/02.10-1-300x225.jpg 300w, https:\/\/verkehrsgarten-voelpke.de\/wp-content\/uploads\/2023\/10\/02.10-1-768x576.jpg 768w, https:\/\/verkehrsgarten-voelpke.de\/wp-content\/uploads\/2023\/10\/02.10-1-1536x1152.jpg 1536w, https:\/\/verkehrsgarten-voelpke.de\/wp-content\/uploads\/2023\/10\/02.10-1-2048x1536.jpg 2048w\" sizes=\"auto, (max-width: 599px) calc(100vw - 50px), (max-width: 767px) calc(100vw - 70px), (max-width: 991px) 429px, (max-width: 1199px) 637px, 354px\" \/><\/figure>\n\n\n\n<figure class=\"wp-block-image size-large\"><img loading=\"lazy\" decoding=\"async\" width=\"1024\" height=\"768\" data-id=\"2321\" src=\"https:\/\/verkehrsgarten-voelpke.de\/wp-content\/uploads\/2023\/10\/02.10-2-1024x768.jpg\" alt=\"\" class=\"wp-image-2321\" srcset=\"https:\/\/verkehrsgarten-voelpke.de\/wp-content\/uploads\/2023\/10\/02.10-2-1024x768.jpg 1024w, https:\/\/verkehrsgarten-voelpke.de\/wp-content\/uploads\/2023\/10\/02.10-2-300x225.jpg 300w, https:\/\/verkehrsgarten-voelpke.de\/wp-content\/uploads\/2023\/10\/02.10-2-768x576.jpg 768w, https:\/\/verkehrsgarten-voelpke.de\/wp-content\/uploads\/2023\/10\/02.10-2-1536x1152.jpg 1536w, https:\/\/verkehrsgarten-voelpke.de\/wp-content\/uploads\/2023\/10\/02.10-2-2048x1536.jpg 2048w\" sizes=\"auto, (max-width: 599px) calc(100vw - 50px), (max-width: 767px) calc(100vw - 70px), (max-width: 991px) 429px, (max-width: 1199px) 637px, 354px\" \/><\/figure>\n<\/figure>\n\n\n\n<p class=\"has-text-align-center\">.<\/p>\n\n\n\n<p class=\"has-text-align-center\">Ehrenamtliche Arbeit der KVW wurde \u00f6ffentlich gew\u00fcrdigt!<br>Am \u201eTag der Regionen\u201c nutzte der Landrat des Landkreises B\u00f6rde die ehrenamtliche Arbeit zu w\u00fcrdigen, verbunden mit der \u00dcbergabe einer Geldzuwendung zur Unterst\u00fctzung der weiteren Arbeit.<br>Auch Abgeordnete des Bundes-, Land- und Kreistages besuchten den Stand der Kreisverkehrswacht.<\/p>\n\n\n\n<p><\/p>\n","protected":false},"excerpt":{"rendered":"<p>Unsere aktuellen Termine \/ Veranstaltungen finden Sie unter Termine. * * * Ferienzeit ist auch Lernzeit Vorbereitung f\u00fcr einen sicheren Schulweg Wie in jedem Jahr wurden von der Kreisverkehrswacht Oschersleben im LK B\u00f6rde e.V. ein umfangreiches Freizeit- und Ferienangebot zur Verbesserung der Sicherheit auf unseren Stra\u00dfen f\u00fcr unsere j\u00fcngsten Verkehrsteilnehmer organisiert und gut besucht.Ziel war &#8230;<\/p>\n<a href=\"https:\/\/verkehrsgarten-voelpke.de\/?page_id=14\" class=\"read-more-link\">Weiterlesen <span class=\"meta-nav\">&rarr;<\/span><\/a>","protected":false},"author":1,"featured_media":0,"parent":0,"menu_order":1,"comment_status":"closed","ping_status":"closed","template":"","meta":{"footnotes":""},"class_list":["post-14","page","type-page","status-publish","hentry","penguin-post","penguin-post-not-sticky"],"_links":{"self":[{"href":"https:\/\/verkehrsgarten-voelpke.de\/index.php?rest_route=\/wp\/v2\/pages\/14","targetHints":{"allow":["GET"]}}],"collection":[{"href":"https:\/\/verkehrsgarten-voelpke.de\/index.php?rest_route=\/wp\/v2\/pages"}],"about":[{"href":"https:\/\/verkehrsgarten-voelpke.de\/index.php?rest_route=\/wp\/v2\/types\/page"}],"author":[{"embeddable":true,"href":"https:\/\/verkehrsgarten-voelpke.de\/index.php?rest_route=\/wp\/v2\/users\/1"}],"replies":[{"embeddable":true,"href":"https:\/\/verkehrsgarten-voelpke.de\/index.php?rest_route=%2Fwp%2Fv2%2Fcomments&post=14"}],"version-history":[{"count":130,"href":"https:\/\/verkehrsgarten-voelpke.de\/index.php?rest_route=\/wp\/v2\/pages\/14\/revisions"}],"predecessor-version":[{"id":2492,"href":"https:\/\/verkehrsgarten-voelpke.de\/index.php?rest_route=\/wp\/v2\/pages\/14\/revisions\/2492"}],"wp:attachment":[{"href":"https:\/\/verkehrsgarten-voelpke.de\/index.php?rest_route=%2Fwp%2Fv2%2Fmedia&parent=14"}],"curies":[{"name":"wp","href":"https:\/\/api.w.org\/{rel}","templated":true}]}}