{"id":34,"date":"2015-10-06T13:02:54","date_gmt":"2015-10-06T13:02:54","guid":{"rendered":"http:\/\/verkehrsgarten-voelpke.de\/?page_id=34"},"modified":"2024-05-04T08:32:36","modified_gmt":"2024-05-04T08:32:36","slug":"kontakt","status":"publish","type":"page","link":"https:\/\/verkehrsgarten-voelpke.de\/?page_id=34","title":{"rendered":"Kontakt"},"content":{"rendered":"<p>Klaus Glandien<br \/>Vorsitzender der Kreisverkehrswacht Oschersleben im Landkreis B\u00f6rde<br \/>Gesch\u00e4ftsstelle<br \/>Offlebener Stra\u00dfe 1<br \/>39393 V\u00f6lpke<\/p>\n<p>Kontakt:<br \/>Telefon: 039402 50192<br \/>Mobil: 0172 3933313<br \/>e-Mail: info@verkehrsgarten-voelpke.de<br \/>Website: www.verkehrsgarten-voelpke.de<\/p>\n\n<style id=\"wpforms-css-vars-2281\">\n\t\t\t\t#wpforms-2281 {\n\t\t\t\t\n\t\t\t}\n\t\t\t<\/style><div class=\"wpforms-container wpforms-container-full wpforms-render-modern\" id=\"wpforms-2281\"><form id=\"wpforms-form-2281\" class=\"wpforms-validate wpforms-form wpforms-ajax-form\" data-formid=\"2281\" method=\"post\" enctype=\"multipart\/form-data\" action=\"\/index.php?rest_route=%2Fwp%2Fv2%2Fpages%2F34\" data-token=\"e8acc49e7df9353042d1e1fb3d52b531\" data-token-time=\"1777915794\"><noscript class=\"wpforms-error-noscript\">Bitte aktiviere JavaScript in deinem Browser, um dieses Formular fertigzustellen.<\/noscript><div id=\"wpforms-error-noscript\" style=\"display: none;\">Bitte aktiviere JavaScript in deinem Browser, um dieses Formular fertigzustellen.<\/div><div class=\"wpforms-field-container\"><div id=\"wpforms-2281-field_0-container\" class=\"wpforms-field wpforms-field-name\" data-field-id=\"0\"><fieldset><legend class=\"wpforms-field-label\">Name <span class=\"wpforms-required-label\" aria-hidden=\"true\">*<\/span><\/legend><div class=\"wpforms-field-row wpforms-field-medium\"><div class=\"wpforms-field-row-block wpforms-first wpforms-one-half\"><input type=\"text\" id=\"wpforms-2281-field_0\" class=\"wpforms-field-name-first wpforms-field-required\" name=\"wpforms[fields][0][first]\" aria-errormessage=\"wpforms-2281-field_0-error\" required><label for=\"wpforms-2281-field_0\" class=\"wpforms-field-sublabel after\">Vorname<\/label><\/div><div class=\"wpforms-field-row-block wpforms-one-half\"><input type=\"text\" id=\"wpforms-2281-field_0-last\" class=\"wpforms-field-name-last wpforms-field-required\" name=\"wpforms[fields][0][last]\" aria-errormessage=\"wpforms-2281-field_0-last-error\" required><label for=\"wpforms-2281-field_0-last\" class=\"wpforms-field-sublabel after\">Nachname<\/label><\/div><\/div><\/fieldset><\/div><div id=\"wpforms-2281-field_1-container\" class=\"wpforms-field wpforms-field-email\" data-field-id=\"1\"><label class=\"wpforms-field-label\" for=\"wpforms-2281-field_1\">E-Mail <span class=\"wpforms-required-label\" aria-hidden=\"true\">*<\/span><\/label><input type=\"email\" id=\"wpforms-2281-field_1\" class=\"wpforms-field-medium wpforms-field-required\" name=\"wpforms[fields][1]\" spellcheck=\"false\" aria-errormessage=\"wpforms-2281-field_1-error\" required><\/div><div id=\"wpforms-2281-field_2-container\" class=\"wpforms-field wpforms-field-textarea\" data-field-id=\"2\"><label class=\"wpforms-field-label\" for=\"wpforms-2281-field_2\">Kommentar oder Nachricht<\/label><textarea id=\"wpforms-2281-field_2\" class=\"wpforms-field-medium\" name=\"wpforms[fields][2]\" aria-errormessage=\"wpforms-2281-field_2-error\" ><\/textarea><\/div><\/div><!-- .wpforms-field-container --><div class=\"wpforms-submit-container\" ><input type=\"hidden\" name=\"wpforms[id]\" value=\"2281\"><input type=\"hidden\" name=\"page_title\" value=\"\"><input type=\"hidden\" name=\"page_url\" value=\"https:\/\/verkehrsgarten-voelpke.de\/index.php?rest_route=\/wp\/v2\/pages\/34\"><input type=\"hidden\" name=\"url_referer\" value=\"\"><button type=\"submit\" name=\"wpforms[submit]\" id=\"wpforms-submit-2281\" class=\"wpforms-submit\" data-alt-text=\"Senden\u2026\" data-submit-text=\"Absenden\" aria-live=\"assertive\" value=\"wpforms-submit\">Absenden<\/button><img loading=\"lazy\" decoding=\"async\" src=\"https:\/\/verkehrsgarten-voelpke.de\/wp-content\/plugins\/wpforms-lite\/assets\/images\/submit-spin.svg\" class=\"wpforms-submit-spinner\" style=\"display: none;\" width=\"26\" height=\"26\" alt=\"Wird geladen\"><\/div><\/form><\/div>  <!-- .wpforms-container -->\n","protected":false},"excerpt":{"rendered":"<p>Klaus GlandienVorsitzender der Kreisverkehrswacht Oschersleben im Landkreis B\u00f6rdeGesch\u00e4ftsstelleOfflebener Stra\u00dfe 139393 V\u00f6lpke Kontakt:Telefon: 039402 50192Mobil: 0172 3933313e-Mail: info@verkehrsgarten-voelpke.deWebsite: www.verkehrsgarten-voelpke.de<\/p>\n<a href=\"https:\/\/verkehrsgarten-voelpke.de\/?page_id=34\" class=\"read-more-link\">Weiterlesen <span class=\"meta-nav\">&rarr;<\/span><\/a>","protected":false},"author":1,"featured_media":0,"parent":0,"menu_order":6,"comment_status":"closed","ping_status":"closed","template":"","meta":{"footnotes":""},"class_list":["post-34","page","type-page","status-publish","hentry","penguin-post","penguin-post-not-sticky"],"_links":{"self":[{"href":"https:\/\/verkehrsgarten-voelpke.de\/index.php?rest_route=\/wp\/v2\/pages\/34","targetHints":{"allow":["GET"]}}],"collection":[{"href":"https:\/\/verkehrsgarten-voelpke.de\/index.php?rest_route=\/wp\/v2\/pages"}],"about":[{"href":"https:\/\/verkehrsgarten-voelpke.de\/index.php?rest_route=\/wp\/v2\/types\/page"}],"author":[{"embeddable":true,"href":"https:\/\/verkehrsgarten-voelpke.de\/index.php?rest_route=\/wp\/v2\/users\/1"}],"replies":[{"embeddable":true,"href":"https:\/\/verkehrsgarten-voelpke.de\/index.php?rest_route=%2Fwp%2Fv2%2Fcomments&post=34"}],"version-history":[{"count":9,"href":"https:\/\/verkehrsgarten-voelpke.de\/index.php?rest_route=\/wp\/v2\/pages\/34\/revisions"}],"predecessor-version":[{"id":2365,"href":"https:\/\/verkehrsgarten-voelpke.de\/index.php?rest_route=\/wp\/v2\/pages\/34\/revisions\/2365"}],"wp:attachment":[{"href":"https:\/\/verkehrsgarten-voelpke.de\/index.php?rest_route=%2Fwp%2Fv2%2Fmedia&parent=34"}],"curies":[{"name":"wp","href":"https:\/\/api.w.org\/{rel}","templated":true}]}}