{"id":56,"date":"2015-10-07T08:49:27","date_gmt":"2015-10-07T08:49:27","guid":{"rendered":"http:\/\/verkehrsgarten-voelpke.de\/?page_id=56"},"modified":"2023-02-17T08:44:17","modified_gmt":"2023-02-17T08:44:17","slug":"wir-ueber-uns","status":"publish","type":"page","link":"https:\/\/verkehrsgarten-voelpke.de\/?page_id=56","title":{"rendered":"Wir \u00fcber uns"},"content":{"rendered":"\n<div class=\"wp-block-group\"><div class=\"wp-block-group__inner-container is-layout-flow wp-block-group-is-layout-flow\">\n<p><a href=\"https:\/\/verkehrsgarten-voelpke.de\/wp-content\/uploads\/2021\/04\/Wir-ueber-uns-scaled.jpg\"><img loading=\"lazy\" decoding=\"async\" class=\"alignnone wp-image-2057\" src=\"https:\/\/verkehrsgarten-voelpke.de\/wp-content\/uploads\/2021\/04\/Wir-ueber-uns-300x169.jpg\" alt=\"\" width=\"300\" height=\"169\" srcset=\"https:\/\/verkehrsgarten-voelpke.de\/wp-content\/uploads\/2021\/04\/Wir-ueber-uns-300x169.jpg 300w, https:\/\/verkehrsgarten-voelpke.de\/wp-content\/uploads\/2021\/04\/Wir-ueber-uns-1024x577.jpg 1024w, https:\/\/verkehrsgarten-voelpke.de\/wp-content\/uploads\/2021\/04\/Wir-ueber-uns-768x433.jpg 768w, https:\/\/verkehrsgarten-voelpke.de\/wp-content\/uploads\/2021\/04\/Wir-ueber-uns-1536x865.jpg 1536w, https:\/\/verkehrsgarten-voelpke.de\/wp-content\/uploads\/2021\/04\/Wir-ueber-uns-2048x1154.jpg 2048w\" sizes=\"auto, (max-width: 599px) calc(100vw - 50px), (max-width: 767px) calc(100vw - 70px), (max-width: 991px) 429px, (max-width: 1199px) 637px, 354px\" \/><\/a><a href=\"https:\/\/verkehrsgarten-voelpke.de\/wp-content\/uploads\/2015\/10\/CIMG0681b.jpg\"><img loading=\"lazy\" decoding=\"async\" class=\"alignright wp-image-70\" src=\"https:\/\/verkehrsgarten-voelpke.de\/wp-content\/uploads\/2015\/10\/CIMG0681b-300x169.jpg\" alt=\"\" width=\"315\" height=\"177\" srcset=\"https:\/\/verkehrsgarten-voelpke.de\/wp-content\/uploads\/2015\/10\/CIMG0681b-300x169.jpg 300w, https:\/\/verkehrsgarten-voelpke.de\/wp-content\/uploads\/2015\/10\/CIMG0681b-1024x576.jpg 1024w, https:\/\/verkehrsgarten-voelpke.de\/wp-content\/uploads\/2015\/10\/CIMG0681b-624x351.jpg 624w, https:\/\/verkehrsgarten-voelpke.de\/wp-content\/uploads\/2015\/10\/CIMG0681b.jpg 1920w\" sizes=\"auto, (max-width: 599px) calc(100vw - 50px), (max-width: 767px) calc(100vw - 70px), (max-width: 991px) 429px, (max-width: 1199px) 637px, 354px\" \/><\/a><\/p>\n<p>Die Kreisverkehrswacht Oschersleben im Landkreis B\u00f6rde e.V. unterst\u00fctzt mit ihren Aktionen und Projekten die Verkehrsaufkl\u00e4rung aller Verkehrsteilnehmer.<br \/>Von Kinderg\u00e4rten, Schulbereichen, Freizeitangeboten bis hin zur Mobilit\u00e4tserhaltung im Alter reicht das Angebot Regional und \u00dcberregional.\u00a0 <br \/>Mit dem seit 1977 bestehenden Verkehrserziehungszentrum \/ Verkehrsgarten V\u00f6lpke nimmt die Verkehrswacht mit ihren Mitgliedern st\u00e4ndig Einfluss auf die Senkung von Verkehrsunf\u00e4llen.<br \/>Positiv wirkt sich hierbei die Vernetzung und Zusammenarbeit mit unseren Partnern im Regionalen Kompetenzzentrum f\u00fcr Sicherheit und Mobilit\u00e4t und der Initiative \u201ePartner unter Blaulicht\u201c aus.<br \/>Bundesweit wurde die Ehrenamtliche Arbeit bisher mit dem<br \/>\u201e Verkehrssicherheitspreis\u201c und zweimal mit dem \u201eMobil und Sicher Preis\u201c gew\u00fcrdigt.<br \/>Wir sind ein eingetragener Verein und anerkannter Tr\u00e4ger der Freien Jugendarbeit. <br \/>Unsere Arbeit wird durch den Landkreis B\u00f6rde unterst\u00fctzt. Zeitweilig erhalten wir Unterst\u00fctzung durch die Bereitstellung von Arbeitskr\u00e4ften des zweiten Arbeitsmarktes und \u00fcber den Bundesfreiwilligendienst. \u00dcberwiegend werden die Projekte und Aktionen \u00fcber die Ehrenamtliche T\u00e4tigkeit realisiert.<\/p>\n<p style=\"text-align: center;\"><a href=\"https:\/\/verkehrsgarten-voelpke.de\/wp-content\/uploads\/2015\/10\/cropped-VG-V\u00f6lpke-1-2.jpg\"><img loading=\"lazy\" decoding=\"async\" class=\"alignnone size-large wp-image-1917\" src=\"https:\/\/verkehrsgarten-voelpke.de\/wp-content\/uploads\/2015\/10\/cropped-VG-V\u00f6lpke-1-2-1024x263.jpg\" alt=\"\" width=\"810\" height=\"208\" srcset=\"https:\/\/verkehrsgarten-voelpke.de\/wp-content\/uploads\/2015\/10\/cropped-VG-V\u00f6lpke-1-2-1024x263.jpg 1024w, https:\/\/verkehrsgarten-voelpke.de\/wp-content\/uploads\/2015\/10\/cropped-VG-V\u00f6lpke-1-2-300x77.jpg 300w, https:\/\/verkehrsgarten-voelpke.de\/wp-content\/uploads\/2015\/10\/cropped-VG-V\u00f6lpke-1-2-768x197.jpg 768w, https:\/\/verkehrsgarten-voelpke.de\/wp-content\/uploads\/2015\/10\/cropped-VG-V\u00f6lpke-1-2.jpg 1170w\" sizes=\"auto, (max-width: 599px) calc(100vw - 50px), (max-width: 767px) calc(100vw - 70px), (max-width: 991px) 429px, (max-width: 1199px) 637px, 354px\" \/><\/a><!--more-->.<\/p>\n<p style=\"text-align: center;\">.<!--more--><\/p>\n<\/div><\/div>\n\n\n\n<figure class=\"wp-block-gallery has-nested-images columns-default is-cropped wp-block-gallery-1 is-layout-flex wp-block-gallery-is-layout-flex\">\n<figure class=\"wp-block-image size-medium\"><a href=\"https:\/\/verkehrsgarten-voelpke.de\/wp-content\/uploads\/2021\/09\/Wuerdigung-30-Jahre-4.jpg\"><img loading=\"lazy\" decoding=\"async\" width=\"300\" height=\"225\" data-id=\"2122\" src=\"https:\/\/verkehrsgarten-voelpke.de\/wp-content\/uploads\/2021\/09\/Wuerdigung-30-Jahre-4-300x225.jpg\" alt=\"\" class=\"wp-image-2122\" srcset=\"https:\/\/verkehrsgarten-voelpke.de\/wp-content\/uploads\/2021\/09\/Wuerdigung-30-Jahre-4-300x225.jpg 300w, https:\/\/verkehrsgarten-voelpke.de\/wp-content\/uploads\/2021\/09\/Wuerdigung-30-Jahre-4-1024x768.jpg 1024w, https:\/\/verkehrsgarten-voelpke.de\/wp-content\/uploads\/2021\/09\/Wuerdigung-30-Jahre-4-768x576.jpg 768w, https:\/\/verkehrsgarten-voelpke.de\/wp-content\/uploads\/2021\/09\/Wuerdigung-30-Jahre-4.jpg 1036w\" sizes=\"auto, (max-width: 599px) calc(100vw - 50px), (max-width: 767px) calc(100vw - 70px), (max-width: 991px) 429px, (max-width: 1199px) 637px, 354px\" \/><\/a><\/figure>\n\n\n\n<figure class=\"wp-block-image size-medium\"><a href=\"https:\/\/verkehrsgarten-voelpke.de\/wp-content\/uploads\/2021\/09\/Ehrungen-2021-1-3.jpg\"><img loading=\"lazy\" decoding=\"async\" width=\"300\" height=\"225\" data-id=\"2123\" src=\"https:\/\/verkehrsgarten-voelpke.de\/wp-content\/uploads\/2021\/09\/Ehrungen-2021-1-3-300x225.jpg\" alt=\"\" class=\"wp-image-2123\" srcset=\"https:\/\/verkehrsgarten-voelpke.de\/wp-content\/uploads\/2021\/09\/Ehrungen-2021-1-3-300x225.jpg 300w, https:\/\/verkehrsgarten-voelpke.de\/wp-content\/uploads\/2021\/09\/Ehrungen-2021-1-3-1024x768.jpg 1024w, https:\/\/verkehrsgarten-voelpke.de\/wp-content\/uploads\/2021\/09\/Ehrungen-2021-1-3-768x576.jpg 768w, https:\/\/verkehrsgarten-voelpke.de\/wp-content\/uploads\/2021\/09\/Ehrungen-2021-1-3.jpg 1454w\" sizes=\"auto, (max-width: 599px) calc(100vw - 50px), (max-width: 767px) calc(100vw - 70px), (max-width: 991px) 429px, (max-width: 1199px) 637px, 354px\" \/><\/a><\/figure>\n\n\n\n<figure class=\"wp-block-image size-medium\"><a href=\"https:\/\/verkehrsgarten-voelpke.de\/wp-content\/uploads\/2021\/09\/Neuer-Vorstand1-2.jpg\"><img loading=\"lazy\" decoding=\"async\" width=\"300\" height=\"225\" data-id=\"2124\" src=\"https:\/\/verkehrsgarten-voelpke.de\/wp-content\/uploads\/2021\/09\/Neuer-Vorstand1-2-300x225.jpg\" alt=\"\" class=\"wp-image-2124\" srcset=\"https:\/\/verkehrsgarten-voelpke.de\/wp-content\/uploads\/2021\/09\/Neuer-Vorstand1-2-300x225.jpg 300w, https:\/\/verkehrsgarten-voelpke.de\/wp-content\/uploads\/2021\/09\/Neuer-Vorstand1-2-1024x767.jpg 1024w, https:\/\/verkehrsgarten-voelpke.de\/wp-content\/uploads\/2021\/09\/Neuer-Vorstand1-2-768x575.jpg 768w, https:\/\/verkehrsgarten-voelpke.de\/wp-content\/uploads\/2021\/09\/Neuer-Vorstand1-2.jpg 1044w\" sizes=\"auto, (max-width: 599px) calc(100vw - 50px), (max-width: 767px) calc(100vw - 70px), (max-width: 991px) 429px, (max-width: 1199px) 637px, 354px\" \/><\/a><\/figure>\n<figcaption class=\"blocks-gallery-caption wp-element-caption\"><br><strong><em>Bilder zum vergr\u00f6\u00dfern bitte anklicken<\/em><\/strong><br><br><strong>Foto links: <\/strong><em>W\u00fcrdigung: Auszeichnung f\u00fcr 30-j\u00e4hrige Gr\u00fcndung der KVW Oschersleben <\/em><br><em>durch den Vizepr\u00e4sidenten der LVW Herr Wulf Hoffmann<\/em><br><em>&nbsp;<\/em><br><strong>Foto mitte: <\/strong><em>Ehrungen f\u00fcr 30j\u00e4hrige Mitgliedschaft in der VW mit durch den Vizepr\u00e4sidenten der LVW (links im Bild) <\/em><br><em>und dem Landrat des LK B\u00f6rde Herr Martin Stichnot (rechts im&nbsp;Bild)<\/em><br><em>&nbsp;<\/em><br><strong>Foto rechts:<\/strong> <em>Neuer Vorstand: Neugew\u00e4hlter Vorstand sowie Mitglieder der Revisionskommission der KVW Oschersleben <\/em><br><em>mit dem Landrat des LK B\u00f6rde Herr Martin Stichnot (links im Bild) <\/em><br><em>und dem stellvertretenden Verbandsb\u00fcrgermeister der VG Obere Aller Herr Treu (rechts im Bild)<\/em><br><br><\/figcaption><\/figure>\n","protected":false},"excerpt":{"rendered":"<p>Die Kreisverkehrswacht Oschersleben im Landkreis B\u00f6rde e.V. unterst\u00fctzt mit ihren Aktionen und Projekten die Verkehrsaufkl\u00e4rung aller Verkehrsteilnehmer.Von Kinderg\u00e4rten, Schulbereichen, Freizeitangeboten bis hin zur Mobilit\u00e4tserhaltung im Alter reicht das Angebot Regional und \u00dcberregional.\u00a0 Mit dem seit 1977 bestehenden Verkehrserziehungszentrum \/ Verkehrsgarten V\u00f6lpke nimmt die Verkehrswacht mit ihren Mitgliedern st\u00e4ndig Einfluss auf die Senkung von Verkehrsunf\u00e4llen.Positiv wirkt &#8230;<\/p>\n<a href=\"https:\/\/verkehrsgarten-voelpke.de\/?page_id=56\" class=\"read-more-link\">Weiterlesen <span class=\"meta-nav\">&rarr;<\/span><\/a>","protected":false},"author":1,"featured_media":0,"parent":0,"menu_order":4,"comment_status":"closed","ping_status":"closed","template":"","meta":{"footnotes":""},"class_list":["post-56","page","type-page","status-publish","hentry","penguin-post","penguin-post-not-sticky"],"_links":{"self":[{"href":"https:\/\/verkehrsgarten-voelpke.de\/index.php?rest_route=\/wp\/v2\/pages\/56","targetHints":{"allow":["GET"]}}],"collection":[{"href":"https:\/\/verkehrsgarten-voelpke.de\/index.php?rest_route=\/wp\/v2\/pages"}],"about":[{"href":"https:\/\/verkehrsgarten-voelpke.de\/index.php?rest_route=\/wp\/v2\/types\/page"}],"author":[{"embeddable":true,"href":"https:\/\/verkehrsgarten-voelpke.de\/index.php?rest_route=\/wp\/v2\/users\/1"}],"replies":[{"embeddable":true,"href":"https:\/\/verkehrsgarten-voelpke.de\/index.php?rest_route=%2Fwp%2Fv2%2Fcomments&post=56"}],"version-history":[{"count":27,"href":"https:\/\/verkehrsgarten-voelpke.de\/index.php?rest_route=\/wp\/v2\/pages\/56\/revisions"}],"predecessor-version":[{"id":2260,"href":"https:\/\/verkehrsgarten-voelpke.de\/index.php?rest_route=\/wp\/v2\/pages\/56\/revisions\/2260"}],"wp:attachment":[{"href":"https:\/\/verkehrsgarten-voelpke.de\/index.php?rest_route=%2Fwp%2Fv2%2Fmedia&parent=56"}],"curies":[{"name":"wp","href":"https:\/\/api.w.org\/{rel}","templated":true}]}}